{"id":34,"date":"2025-04-30T18:29:12","date_gmt":"2025-04-30T18:29:12","guid":{"rendered":"https:\/\/drivingwithelines.ie\/?page_id=34"},"modified":"2025-08-07T11:46:52","modified_gmt":"2025-08-07T10:46:52","slug":"about","status":"publish","type":"page","link":"https:\/\/drivingwithelines.ie\/br\/about\/","title":{"rendered":"Sobre"},"content":{"rendered":"<div data-elementor-type=\"wp-page\" data-elementor-id=\"34\" class=\"elementor elementor-34\" data-elementor-post-type=\"page\">\n\t\t\t\t<div class=\"elementor-element elementor-element-1cd0f69 e-flex e-con-boxed e-con e-parent\" data-id=\"1cd0f69\" data-element_type=\"container\" data-e-type=\"container\" data-settings=\"{&quot;background_background&quot;:&quot;classic&quot;}\">\n\t\t\t\t\t<div class=\"e-con-inner\">\n\t\t\t\t<div class=\"elementor-element elementor-element-b925a46 elementor-widget elementor-widget-heading\" data-id=\"b925a46\" data-element_type=\"widget\" data-e-type=\"widget\" data-widget_type=\"heading.default\">\n\t\t\t\t<div class=\"elementor-widget-container\">\n\t\t\t\t\t<h2 class=\"elementor-heading-title elementor-size-default\">Sobre <\/h2>\t\t\t\t<\/div>\n\t\t\t\t<\/div>\n\t\t\t\t\t<\/div>\n\t\t\t\t<\/div>\n\t\t<div class=\"elementor-element elementor-element-a86aba3 e-flex e-con-boxed e-con e-parent\" data-id=\"a86aba3\" data-element_type=\"container\" data-e-type=\"container\">\n\t\t\t\t\t<div class=\"e-con-inner\">\n\t\t<div class=\"elementor-element elementor-element-91d7c8a e-con-full e-flex e-con e-child\" data-id=\"91d7c8a\" data-element_type=\"container\" data-e-type=\"container\">\n\t\t\t\t<div class=\"elementor-element elementor-element-07dc57d elementor-widget elementor-widget-heading\" data-id=\"07dc57d\" data-element_type=\"widget\" data-e-type=\"widget\" data-widget_type=\"heading.default\">\n\t\t\t\t<div class=\"elementor-widget-container\">\n\t\t\t\t\t<h2 class=\"elementor-heading-title elementor-size-default\">Oi, eu sou a Elines!<\/h2>\t\t\t\t<\/div>\n\t\t\t\t<\/div>\n\t\t\t\t<div class=\"elementor-element elementor-element-2ed53d6 elementor-widget elementor-widget-text-editor\" data-id=\"2ed53d6\" data-element_type=\"widget\" data-e-type=\"widget\" data-widget_type=\"text-editor.default\">\n\t\t\t\t<div class=\"elementor-widget-container\">\n\t\t\t\t\t\t\t\t\t<p>Sou instrutor de dire\u00e7\u00e3o qualificado na Irlanda e tive o privil\u00e9gio de ajudar mais de 1.000 pessoas a dar esse passo importante para obter sua carteira de motorista irlandesa completa.<\/p><p>N\u00e3o importa se voc\u00ea \u00e9 totalmente iniciante ou se j\u00e1 tem uma licen\u00e7a estrangeira, estou aqui para apoi\u00e1-lo e orient\u00e1-lo em todas as etapas do processo de forma clara, paciente e confiante at\u00e9 que voc\u00ea alcance esse marco emocionante.<\/p>\t\t\t\t\t\t\t\t<\/div>\n\t\t\t\t<\/div>\n\t\t\t\t<div class=\"elementor-element elementor-element-ec0969f elementor-mobile-align-left elementor-tablet-align-left elementor-widget elementor-widget-button\" data-id=\"ec0969f\" data-element_type=\"widget\" data-e-type=\"widget\" data-widget_type=\"button.default\">\n\t\t\t\t<div class=\"elementor-widget-container\">\n\t\t\t\t\t\t\t\t\t<div class=\"elementor-button-wrapper\">\n\t\t\t\t\t<a class=\"elementor-button elementor-size-sm\" role=\"button\">\n\t\t\t\t\t\t<span class=\"elementor-button-content-wrapper\">\n\t\t\t\t\t\t\t\t\t<span class=\"elementor-button-text\">CONTATO<\/span>\n\t\t\t\t\t<\/span>\n\t\t\t\t\t<\/a>\n\t\t\t\t<\/div>\n\t\t\t\t\t\t\t\t<\/div>\n\t\t\t\t<\/div>\n\t\t\t\t<\/div>\n\t\t<div class=\"elementor-element elementor-element-f79040d e-con-full e-flex e-con e-child\" data-id=\"f79040d\" data-element_type=\"container\" data-e-type=\"container\">\n\t\t\t\t<div class=\"elementor-element elementor-element-6a04f24 elementor-widget elementor-widget-image\" data-id=\"6a04f24\" data-element_type=\"widget\" data-e-type=\"widget\" data-widget_type=\"image.default\">\n\t\t\t\t<div class=\"elementor-widget-container\">\n\t\t\t\t\t\t\t\t\t\t\t\t\t\t\t<img fetchpriority=\"high\" decoding=\"async\" width=\"590\" height=\"418\" src=\"https:\/\/drivingwithelines.ie\/wp-content\/uploads\/2025\/05\/banner36.avif\" class=\"attachment-large size-large wp-image-970\" alt=\"\" srcset=\"https:\/\/drivingwithelines.ie\/wp-content\/uploads\/2025\/05\/banner36.avif 590w, https:\/\/drivingwithelines.ie\/wp-content\/uploads\/2025\/05\/banner36-300x213.avif 300w\" sizes=\"(max-width: 590px) 100vw, 590px\" \/>\t\t\t\t\t\t\t\t\t\t\t\t\t\t\t<\/div>\n\t\t\t\t<\/div>\n\t\t\t\t<\/div>\n\t\t\t\t\t<\/div>\n\t\t\t\t<\/div>\n\t\t<div class=\"elementor-element elementor-element-5ac3a28 e-con-full e-flex e-con e-parent\" data-id=\"5ac3a28\" data-element_type=\"container\" data-e-type=\"container\" data-settings=\"{&quot;background_background&quot;:&quot;classic&quot;}\">\n\t\t<div class=\"elementor-element elementor-element-6240cb4 e-grid e-con-boxed e-con e-child\" data-id=\"6240cb4\" data-element_type=\"container\" data-e-type=\"container\">\n\t\t\t\t\t<div class=\"e-con-inner\">\n\t\t\t\t<div class=\"elementor-element elementor-element-8beba39 elementor-widget elementor-widget-counter\" data-id=\"8beba39\" data-element_type=\"widget\" data-e-type=\"widget\" data-widget_type=\"counter.default\">\n\t\t\t\t<div class=\"elementor-widget-container\">\n\t\t\t\t\t\t\t<div class=\"elementor-counter\">\n\t\t\t<div class=\"elementor-counter-title\">Estudantes<\/div>\t\t\t<div class=\"elementor-counter-number-wrapper\">\n\t\t\t\t<span class=\"elementor-counter-number-prefix\"><\/span>\n\t\t\t\t<span class=\"elementor-counter-number\" data-duration=\"2000\" data-to-value=\"1200\" data-from-value=\"0\" data-delimiter=\",\">0<\/span>\n\t\t\t\t<span class=\"elementor-counter-number-suffix\">+<\/span>\n\t\t\t<\/div>\n\t\t<\/div>\n\t\t\t\t\t\t<\/div>\n\t\t\t\t<\/div>\n\t\t\t\t<div class=\"elementor-element elementor-element-9849dff elementor-widget elementor-widget-counter\" data-id=\"9849dff\" data-element_type=\"widget\" data-e-type=\"widget\" data-widget_type=\"counter.default\">\n\t\t\t\t<div class=\"elementor-widget-container\">\n\t\t\t\t\t\t\t<div class=\"elementor-counter\">\n\t\t\t<div class=\"elementor-counter-title\">Aprova\u00e7\u00f5es<\/div>\t\t\t<div class=\"elementor-counter-number-wrapper\">\n\t\t\t\t<span class=\"elementor-counter-number-prefix\"><\/span>\n\t\t\t\t<span class=\"elementor-counter-number\" data-duration=\"2000\" data-to-value=\"750\" data-from-value=\"0\" data-delimiter=\",\">0<\/span>\n\t\t\t\t<span class=\"elementor-counter-number-suffix\">+<\/span>\n\t\t\t<\/div>\n\t\t<\/div>\n\t\t\t\t\t\t<\/div>\n\t\t\t\t<\/div>\n\t\t\t\t<div class=\"elementor-element elementor-element-88cef1f elementor-widget elementor-widget-counter\" data-id=\"88cef1f\" data-element_type=\"widget\" data-e-type=\"widget\" data-widget_type=\"counter.default\">\n\t\t\t\t<div class=\"elementor-widget-container\">\n\t\t\t\t\t\t\t<div class=\"elementor-counter\">\n\t\t\t<div class=\"elementor-counter-title\">horas de v\u00eddeo<\/div>\t\t\t<div class=\"elementor-counter-number-wrapper\">\n\t\t\t\t<span class=\"elementor-counter-number-prefix\"><\/span>\n\t\t\t\t<span class=\"elementor-counter-number\" data-duration=\"2000\" data-to-value=\"1200\" data-from-value=\"0\" data-delimiter=\",\">0<\/span>\n\t\t\t\t<span class=\"elementor-counter-number-suffix\">+<\/span>\n\t\t\t<\/div>\n\t\t<\/div>\n\t\t\t\t\t\t<\/div>\n\t\t\t\t<\/div>\n\t\t\t\t\t<\/div>\n\t\t\t\t<\/div>\n\t\t\t\t<\/div>\n\t\t<div class=\"elementor-element elementor-element-73e2c0c e-flex e-con-boxed e-con e-parent\" data-id=\"73e2c0c\" data-element_type=\"container\" data-e-type=\"container\">\n\t\t\t\t\t<div class=\"e-con-inner\">\n\t\t<div class=\"elementor-element elementor-element-36bd3b8 e-con-full e-flex e-con e-child\" data-id=\"36bd3b8\" data-element_type=\"container\" data-e-type=\"container\">\n\t\t\t\t<div class=\"elementor-element elementor-element-df54f9d elementor-widget elementor-widget-heading\" data-id=\"df54f9d\" data-element_type=\"widget\" data-e-type=\"widget\" id=\"moreabout\" data-widget_type=\"heading.default\">\n\t\t\t\t<div class=\"elementor-widget-container\">\n\t\t\t\t\t<h2 class=\"elementor-heading-title elementor-size-default\">TUDO O QUE VOC\u00ca PRECISA SABER SOBRE O TESTE PR\u00c1TICO<\/h2>\t\t\t\t<\/div>\n\t\t\t\t<\/div>\n\t\t\t\t<div class=\"elementor-element elementor-element-e6d8214 elementor-widget elementor-widget-text-editor\" data-id=\"e6d8214\" data-element_type=\"widget\" data-e-type=\"widget\" data-widget_type=\"text-editor.default\">\n\t\t\t\t<div class=\"elementor-widget-container\">\n\t\t\t\t\t\t\t\t\t<p>O teste pr\u00e1tico de carro \u00e9 a etapa final para obter sua carteira de motorista irlandesa completa. Aqui est\u00e1 o que voc\u00ea precisa saber:<\/p><ul><li aria-level=\"1\"><b>Dura\u00e7\u00e3o<\/b>: O teste leva cerca de 30 a 40 minutos.<\/li><li aria-level=\"1\"><b>Requisitos<\/b>: Voc\u00ea deve ter conclu\u00eddo suas 12 aulas de EDT e ter obtido sua licen\u00e7a de aprendiz por pelo menos 6 meses.<\/li><li aria-level=\"1\"><b>O que foi testado<\/b>:<ul><li aria-level=\"2\">Teste te\u00f3rico oral com perguntas sobre as regras de tr\u00e2nsito e algumas placas apontadas para que voc\u00ea as nomeie.\u00a0<\/li><li aria-level=\"2\">Verifica\u00e7\u00f5es de seguran\u00e7a do ve\u00edculo (sob o cap\u00f4 e dentro do carro)<\/li><li aria-level=\"2\">Sinais manuais<\/li><li aria-level=\"2\">Habilidade geral de dire\u00e7\u00e3o (incluindo o uso de espelhos, sinais e posicionamento, progress\u00e3o, controle do carro, rea\u00e7\u00e3o a perigos, rotat\u00f3rias)<\/li><li aria-level=\"2\">Manobras espec\u00edficas (manobras de giro, invers\u00e3o de marcha em uma esquina, partida em subida, etc.)<\/li><li aria-level=\"2\">Obedecer \u00e0s placas de sinaliza\u00e7\u00e3o e aos limites de velocidade<\/li><li aria-level=\"2\">Conscientiza\u00e7\u00e3o e antecipa\u00e7\u00e3o de outros usu\u00e1rios da via<\/li><\/ul><\/li><li aria-level=\"1\"><b>Rotas de teste<\/b>: Voc\u00ea dirigir\u00e1 em condi\u00e7\u00f5es reais de tr\u00e1fego na \u00e1rea do centro de testes.<\/li><li aria-level=\"1\"><b>Motivos comuns de fracasso<\/b>: N\u00e3o verificar os espelhos retrovisores, observa\u00e7\u00f5es inadequadas nos cruzamentos, excesso de velocidade e falta de controle durante as manobras.<\/li><\/ul><p><b>Taxa de aprova\u00e7\u00e3o<\/b>: Cerca de 50-55% nacionalmente, portanto, uma boa prepara\u00e7\u00e3o \u00e9 fundamental.<\/p>\t\t\t\t\t\t\t\t<\/div>\n\t\t\t\t<\/div>\n\t\t\t\t<div class=\"elementor-element elementor-element-9abfff8 elementor-widget elementor-widget-heading\" data-id=\"9abfff8\" data-element_type=\"widget\" data-e-type=\"widget\" data-widget_type=\"heading.default\">\n\t\t\t\t<div class=\"elementor-widget-container\">\n\t\t\t\t\t<h2 class=\"elementor-heading-title elementor-size-default\">Baixe aqui o PDF essencial para estudar para seu teste pr\u00e1tico<\/h2>\t\t\t\t<\/div>\n\t\t\t\t<\/div>\n\t\t\t\t<div class=\"elementor-element elementor-element-77236f4 elementor-mobile-align-left elementor-tablet-align-left elementor-widget elementor-widget-button\" data-id=\"77236f4\" data-element_type=\"widget\" data-e-type=\"widget\" id=\"btn-ingles\" data-widget_type=\"button.default\">\n\t\t\t\t<div class=\"elementor-widget-container\">\n\t\t\t\t\t\t\t\t\t<div class=\"elementor-button-wrapper\">\n\t\t\t\t\t<a class=\"elementor-button elementor-button-link elementor-size-sm\" href=\"http:\/\/drivingwithelines.ie\/wp-content\/uploads\/2025\/06\/Be-test-ready.pdf\" target=\"_blank\">\n\t\t\t\t\t\t<span class=\"elementor-button-content-wrapper\">\n\t\t\t\t\t\t\t\t\t<span class=\"elementor-button-text\">Baixar PDF<\/span>\n\t\t\t\t\t<\/span>\n\t\t\t\t\t<\/a>\n\t\t\t\t<\/div>\n\t\t\t\t\t\t\t\t<\/div>\n\t\t\t\t<\/div>\n\t\t\t\t<div class=\"elementor-element elementor-element-13ea3b1 elementor-mobile-align-left elementor-tablet-align-left elementor-widget elementor-widget-button\" data-id=\"13ea3b1\" data-element_type=\"widget\" data-e-type=\"widget\" id=\"btn-portugues\" data-widget_type=\"button.default\">\n\t\t\t\t<div class=\"elementor-widget-container\">\n\t\t\t\t\t\t\t\t\t<div class=\"elementor-button-wrapper\">\n\t\t\t\t\t<a class=\"elementor-button elementor-button-link elementor-size-sm\" href=\"http:\/\/drivingwithelines.ie\/wp-content\/uploads\/2025\/06\/Preparacao-para-o-teste-pratico-2.pdf\" target=\"_blank\">\n\t\t\t\t\t\t<span class=\"elementor-button-content-wrapper\">\n\t\t\t\t\t\t\t\t\t<span class=\"elementor-button-text\">Baixar PDF<\/span>\n\t\t\t\t\t<\/span>\n\t\t\t\t\t<\/a>\n\t\t\t\t<\/div>\n\t\t\t\t\t\t\t\t<\/div>\n\t\t\t\t<\/div>\n\t\t\t\t<div class=\"elementor-element elementor-element-b6d0cd8 elementor-widget elementor-widget-html\" data-id=\"b6d0cd8\" data-element_type=\"widget\" data-e-type=\"widget\" data-widget_type=\"html.default\">\n\t\t\t\t<div class=\"elementor-widget-container\">\n\t\t\t\t\t<script>\r\n\/\/ Fun\u00e7\u00e3o para verificar o idioma e alternar bot\u00f5es\r\ndocument.addEventListener('DOMContentLoaded', () => {\r\n  \/\/ Tente detectar idioma de html[lang], ou <body data-lang=\"xx\">\r\n  const htmlLang = document.documentElement.getAttribute('lang');\r\n  const bodyLang = document.body.getAttribute('data-lang');\r\n  const lang = (htmlLang || bodyLang || '').toLowerCase();\r\n\r\n  const btnPt = document.getElementById('btn-portugues');\r\n  const btnEn = document.getElementById('btn-ingles');\r\n\r\n  console.log('Idioma detectado:', lang); \/\/ para debug\r\n\r\n  if (lang === 'en' || lang.startsWith('en-')) {\r\n    if (btnPt) btnPt.style.display = 'none';\r\n    if (btnEn) btnEn.style.display = ''; \/\/ garantido vis\u00edvel\r\n  } else if (lang === 'pt-br' || lang === 'br' || lang.startsWith('pt-')) {\r\n    if (btnEn) btnEn.style.display = 'none';\r\n    if (btnPt) btnPt.style.display = '';\r\n  } else {\r\n    \/\/ fallback: mostra ambos ou mant\u00e9m como est\u00e1\r\n    if (btnPt) btnPt.style.display = '';\r\n    if (btnEn) btnEn.style.display = '';\r\n  }\r\n});\r\n\r\n<\/script>\t\t\t\t<\/div>\n\t\t\t\t<\/div>\n\t\t\t\t<\/div>\n\t\t\t\t\t<\/div>\n\t\t\t\t<\/div>\n\t\t<div class=\"elementor-element elementor-element-ac36340 e-flex e-con-boxed e-con e-parent\" data-id=\"ac36340\" data-element_type=\"container\" data-e-type=\"container\" id=\"step\">\n\t\t\t\t\t<div class=\"e-con-inner\">\n\t\t<div class=\"elementor-element elementor-element-2968380 e-con-full e-flex e-con e-child\" data-id=\"2968380\" data-element_type=\"container\" data-e-type=\"container\">\n\t\t\t\t<div class=\"elementor-element elementor-element-7a13f4b elementor-widget elementor-widget-heading\" data-id=\"7a13f4b\" data-element_type=\"widget\" data-e-type=\"widget\" data-widget_type=\"heading.default\">\n\t\t\t\t<div class=\"elementor-widget-container\">\n\t\t\t\t\t<h2 class=\"elementor-heading-title elementor-size-default\">Passo a passo: Como obter uma carteira de motorista irlandesa<\/h2>\t\t\t\t<\/div>\n\t\t\t\t<\/div>\n\t\t\t\t<div class=\"elementor-element elementor-element-4d79673 elementor-widget elementor-widget-text-editor\" data-id=\"4d79673\" data-element_type=\"widget\" data-e-type=\"widget\" data-widget_type=\"text-editor.default\">\n\t\t\t\t<div class=\"elementor-widget-container\">\n\t\t\t\t\t\t\t\t\t<p>A obten\u00e7\u00e3o da carteira de motorista na Irlanda envolve v\u00e1rias etapas. Aqui est\u00e1 um resumo simples para ajud\u00e1-lo a entender o processo completo:<\/p><h3><b>1. Verifique se voc\u00ea \u00e9 eleg\u00edvel<\/b><\/h3><p>Antes de come\u00e7ar, voc\u00ea deve:<\/p><ul><li aria-level=\"1\">Ter pelo menos <b>17 anos de idade<\/b><b><br \/><br \/><\/b><\/li><li aria-level=\"1\">Ser <b>residente na Irlanda<\/b> (ter comprovante de resid\u00eancia, como IRP ou passaporte europeu)<br \/><br \/><\/li><li aria-level=\"1\">Ter um documento v\u00e1lido <b>N\u00famero do PPS<\/b><\/li><\/ul><p><b><br \/><br \/><\/b><\/p><h3><b>2. Passar no teste te\u00f3rico para motoristas<\/b><\/h3><ul><li aria-level=\"1\">Marque seu teste em theorytest.ie<br \/><br \/><\/li><li aria-level=\"1\">O teste inclui <b>40<\/b> <b>perguntas de m\u00faltipla escolha<\/b> sobre regras e sinais de tr\u00e2nsito<br \/><br \/><\/li><li aria-level=\"1\">Estude o livro ou o aplicativo oficial do exame te\u00f3rico para motoristas da RSA<br \/><br \/><\/li><\/ul><p>\u2705 <b>Quando voc\u00ea passar<\/b>voc\u00ea receber\u00e1 um <b>Certificado de teste te\u00f3rico<\/b><\/p><h3><b>3. Solicitar uma licen\u00e7a de aprendiz<\/b><\/h3><p>Voc\u00ea precisar\u00e1 de:<\/p><ul><li aria-level=\"1\">Ir para NDLS.ie<br \/><br \/><\/li><li aria-level=\"1\">Forne\u00e7a seu:<br \/><br \/><ul><li aria-level=\"2\">Certificado de teste te\u00f3rico<br \/><br \/><\/li><li aria-level=\"2\">N\u00famero do PPS<br \/><br \/><\/li><li aria-level=\"2\">Documento de identidade (passaporte ou permiss\u00e3o de resid\u00eancia na Irlanda)<br \/><br \/><\/li><li aria-level=\"2\">Comprovante de endere\u00e7o<br \/><br \/><\/li><li aria-level=\"2\">Relat\u00f3rio m\u00e9dico (para algumas categorias ou condi\u00e7\u00f5es de sa\u00fade)<br \/><br \/><\/li><\/ul><\/li><\/ul><p>\ud83d\udccc A <b>licen\u00e7a de aprendiz<\/b> permite que voc\u00ea <b>come\u00e7ar a fazer aulas<\/b>Mas \u00e9 preciso seguir certas regras (por exemplo, dirigir sempre com um motorista totalmente licenciado, exibir placas L, n\u00e3o dirigir em autoestradas).<\/p><h3><b>4. Fa\u00e7a as aulas de dire\u00e7\u00e3o necess\u00e1rias (EDT)<\/b><\/h3><p>Se voc\u00ea \u00e9 um <b>aluno de primeira viagem<\/b>voc\u00ea deve preencher <b>12 li\u00e7\u00f5es do Treinamento Essencial para Motoristas (EDT)<\/b> com um <b>Instrutor aprovado pela RSA<\/b>.<\/p><h3><b>5. Solicita\u00e7\u00e3o de redu\u00e7\u00e3o de aulas (se voc\u00ea j\u00e1 tiver uma licen\u00e7a estrangeira)<\/b><\/h3><p>Se voc\u00ea tiver uma licen\u00e7a de carro completa de <b>outro pa\u00eds<\/b>Se voc\u00ea n\u00e3o tiver uma aula de EDT, talvez n\u00e3o precise fazer todas as 12 aulas de EDT.<\/p><p>Voc\u00ea pode se candidatar a <b>Redu\u00e7\u00e3o de EDT<\/b> atrav\u00e9s do <b>RSA<\/b>. Veja como:<\/p><h4><b>Passo a passo: Solicita\u00e7\u00e3o de redu\u00e7\u00e3o de EDT<\/b><\/h4><ol><li aria-level=\"1\">Fa\u00e7a o download do formul\u00e1rio de inscri\u00e7\u00e3o aqui - <a href=\"https:\/\/www.rsa.ie\/docs\/default-source\/services\/reduced-edt\/reduced-edt-application-form.pdf?sfvrsn=afac2d6a_3\">reduced-edt-application-form.pdf<\/a><\/li><li aria-level=\"1\">Tenha em m\u00e3os:<br \/><br \/><ul><li aria-level=\"2\">A <b>tradu\u00e7\u00e3o juramentada<\/b> de sua licen\u00e7a estrangeira (se n\u00e3o estiver em ingl\u00eas)<br \/><br \/><\/li><li aria-level=\"2\">A <b>c\u00f3pia colorida de sua carteira de motorista estrangeira<\/b><b><br \/><br \/><\/b><\/li><li aria-level=\"2\">Comprovante de experi\u00eancia (como hist\u00f3rico da carteira de motorista ou carteira de habilita\u00e7\u00e3o) com tradu\u00e7\u00e3o juramentada, se n\u00e3o estiver em ingl\u00eas<br \/><br \/><\/li><\/ul><\/li><li aria-level=\"1\">Aguarde a NDLS analisar e aprovar sua solicita\u00e7\u00e3o.<br \/><br \/><\/li><\/ol><p>Se aprovado, voc\u00ea poder\u00e1 ser solicitado a fazer <b>6 aulas em vez de 12<\/b><\/p><h3><b>6. Pr\u00e1tica de dire\u00e7\u00e3o<\/b><\/h3><p>Voc\u00ea pode praticar com:<\/p><ul><li aria-level=\"1\">Um instrutor de dire\u00e7\u00e3o para suas aulas obrigat\u00f3rias<br \/><br \/><\/li><li aria-level=\"1\">Ou um patrocinador (algu\u00e9m com uma licen\u00e7a irlandesa completa por mais de 2 anos) para praticar<br \/><br \/><\/li><\/ul><h3><b>7. Passar no exame de dire\u00e7\u00e3o<\/b><\/h3><p>Quando se sentir pronto e atender aos requisitos (incluindo a conclus\u00e3o das aulas), marque seu exame de dire\u00e7\u00e3o em <a href=\"https:\/\/www.rsa.ie\/services\/learner-drivers\/the-driving-test\/how-to-apply\">Como se inscrever e marcar seu exame de dire\u00e7\u00e3o com a RSA.<\/a><\/p><p>O teste inclui:<\/p><ul><li aria-level=\"1\">Verifica\u00e7\u00f5es de ve\u00edculos<br \/><br \/><\/li><li aria-level=\"1\">Dire\u00e7\u00e3o em estradas em geral<br \/><br \/><\/li><li aria-level=\"1\">Manobras como dar r\u00e9 na esquina, fazer curvas e arrancar em ladeiras<br \/><br \/><\/li><\/ul><h3><b>8. Obtenha sua carteira de motorista irlandesa completa<\/b><\/h3><p>Se voc\u00ea for aprovado no exame de dire\u00e7\u00e3o:<\/p><ul><li aria-level=\"1\">Voc\u00ea receber\u00e1 um <b>certificado de compet\u00eancia<\/b><b><br \/><br \/><\/b><\/li><li aria-level=\"1\">Em seguida, solicite sua licen\u00e7a completa pelo site NDLS.ie<br \/><br \/><\/li><\/ul><p>Sua primeira licen\u00e7a completa \u00e9 v\u00e1lida por <b>10 anos<\/b> (sujeito a idade e condi\u00e7\u00f5es de sa\u00fade)<\/p><h2><b>Precisa de ajuda?<\/b><\/h2><p>Oferecemos suporte em <b>Portugu\u00eas e ingl\u00eas<\/b> para todas as etapas do processo, desde a prepara\u00e7\u00e3o para o exame te\u00f3rico at\u00e9 a redu\u00e7\u00e3o das aulas de EDT e a prepara\u00e7\u00e3o para o exame de dire\u00e7\u00e3o.<\/p>\t\t\t\t\t\t\t\t<\/div>\n\t\t\t\t<\/div>\n\t\t\t\t<\/div>\n\t\t\t\t\t<\/div>\n\t\t\t\t<\/div>\n\t\t\t\t<\/div>","protected":false},"excerpt":{"rendered":"<p>About Hi, I\u2019m Elines! I\u2019m a qualified driving instructor based in Ireland, and I\u2019ve had the privilege of helping over 1,000 people take this important step toward getting their full Irish driving licence. Whether you&#8217;re a complete beginner or already have a foreign licence, I&#8217;m here to support and guide you through every stage of the process clearly, patiently, and confidently until you reach this exciting milestone. CONTACT Students 0 + Aprovals 0 + hours video 0 + EVERYTHING YOU NEED TO KNOW ABOUT THE PRACTICAL TEST The car practical test is the final step to getting your full Irish driving licence. Here&#8217;s what you need to know: Duration: The test takes about 30\u201340 minutes. Requirements: You must have completed your 12 EDT lessons and held your learner permit for at least 6 months. What\u2019s Tested: Oral theory test with questions about the rules of the road and some pointed signs for you to name them.\u00a0 Vehicle safety checks (under the bonnet and inside the car) Hand signals General driving ability (including use of mirrors, signals, and positioning, progression, control of the car, reaction to hazards, roundabouts) Specific manoeuvres (turnabout, reversing around a corner, hill start, etc.) Obeying road signs and speed limits Awareness and anticipation of other road users Test Routes: You\u2019ll drive in real traffic conditions around the test centre area. Common Reasons for Failing: Not checking mirrors, poor observations at junctions, speeding, and lack of control during manoeuvres. Pass Rate: Around 50\u201355% nationally, so good preparation is key. Download here the essencial PDF to study for your practical test Download PDF Baixar PDF Step-by-Step: How to Get an Irish Driving Licence Getting your driving licence in Ireland involves several steps. Here\u2019s a simple breakdown to help you understand the full process: 1. Check if You\u2019re Eligible Before starting, you must: Be at least 17 years old Be resident in Ireland (have proof of residency such as IRP or European passport) Have a valid PPS number 2. Pass the Driver Theory Test Book your test at theorytest.ie The test includes 40 multiple-choice questions about road rules and signs Study the official RSA Driver Theory Test Book or app \u2705 Once you pass, you\u2019ll receive a Theory Test Certificate 3. Apply for a Learner Permit You\u2019ll need to: Go to NDLS.ie Provide your: Theory Test Certificate PPS number ID (passport or Irish Residence Permit) Proof of address Medical report (for some categories or health conditions) \ud83d\udccc A learner permit allows you to start taking lessons, but you must follow certain rules (e.g. always drive with a fully licensed driver, display L plates, no motorway driving). 4. Take the Required Driving Lessons (EDT) If you&#8217;re a first-time learner, you must complete 12 Essential Driver Training (EDT) lessons with an RSA-approved instructor. 5. Apply for Lesson Reduction (If You Already Have a Foreign Licence) If you have a full car licence from another country, you might not need to do all 12 EDT lessons. You can apply for EDT Reduction through the RSA. Here\u2019s how: Step-by-Step: Apply for EDT Reduction Download here the application form &#8211; reduced-edt-application-form.pdf Have in hands: A certified translation of your foreign licence (if not in English) A colour copy of your foreign driving licence Proof of experience (like a licence history or driving record) with a certified translation if it\u2019s not in English Wait for NDLS to review and approve your application. \u2705 If approved, you may be required to do 6 lessons instead of 12 6. Practice Driving You can practice with: A driving instructor for your mandatory lessons Or a sponsor (someone with a full Irish licence for 2+ years) for practice 7. Pass the Driving Test When you feel ready and meet the requirements (including completing lessons), book your driving test at How to apply for and book your driving test with the RSA. \ud83d\ude97 The test includes: Vehicle checks General road driving Manoeuvres like reverse around the corner, turn about\u00a0 and hill start 8. Get Your Full Irish Driving Licence If you pass the driving test: You\u2019ll receive a certificate of competency Then apply for your full licence via NDLS.ie \ud83d\udccc Your first full licence is valid for 10 years (subject to age and health conditions) Need Help? We offer support in Portuguese and English for all steps of the process \u2014 from theory test prep to EDT lesson reduction and driving test readiness.<\/p>","protected":false},"author":1,"featured_media":0,"parent":0,"menu_order":0,"comment_status":"closed","ping_status":"open","template":"","meta":{"_acf_changed":false,"footnotes":""},"class_list":["post-34","page","type-page","status-publish","hentry"],"acf":[],"_links":{"self":[{"href":"https:\/\/drivingwithelines.ie\/br\/wp-json\/wp\/v2\/pages\/34","targetHints":{"allow":["GET"]}}],"collection":[{"href":"https:\/\/drivingwithelines.ie\/br\/wp-json\/wp\/v2\/pages"}],"about":[{"href":"https:\/\/drivingwithelines.ie\/br\/wp-json\/wp\/v2\/types\/page"}],"author":[{"embeddable":true,"href":"https:\/\/drivingwithelines.ie\/br\/wp-json\/wp\/v2\/users\/1"}],"replies":[{"embeddable":true,"href":"https:\/\/drivingwithelines.ie\/br\/wp-json\/wp\/v2\/comments?post=34"}],"version-history":[{"count":82,"href":"https:\/\/drivingwithelines.ie\/br\/wp-json\/wp\/v2\/pages\/34\/revisions"}],"predecessor-version":[{"id":1378,"href":"https:\/\/drivingwithelines.ie\/br\/wp-json\/wp\/v2\/pages\/34\/revisions\/1378"}],"wp:attachment":[{"href":"https:\/\/drivingwithelines.ie\/br\/wp-json\/wp\/v2\/media?parent=34"}],"curies":[{"name":"wp","href":"https:\/\/api.w.org\/{rel}","templated":true}]}}